{"id":173,"date":"2018-11-03T13:19:18","date_gmt":"2018-11-03T04:19:18","guid":{"rendered":"http:\/\/yuzb.net\/info\/?page_id=173"},"modified":"2019-05-12T13:12:59","modified_gmt":"2019-05-12T04:12:59","slug":"et-national-anthem","status":"publish","type":"page","link":"https:\/\/yuzb.net\/info\/et-top\/et-national-anthem\/","title":{"rendered":"\u56fd\u6b4c"},"content":{"rendered":"\n<div class=\"wp-block-image\"><figure class=\"aligncenter\"><img decoding=\"async\" src=\"https:\/\/nationalawakening.org\/wp-content\/uploads\/2018\/08\/Memet-Ali-Tewpiq.jpg\" alt=\"\"\/><figcaption>Memet Eli Tewpiq\uff081901-1937\uff09<\/figcaption><\/figure><\/div>\n\n\n\n<p>\n\u3053\u306e\u30da\u30fc\u30b8\u306f<a href=\"https:\/\/nationalawakening.org\/about-etnam\/\" target=\"_blank\" rel=\"noreferrer noopener\">ETNAM<\/a>\u304b\u3089Google\u3067\u7ffb\u8a33\u3057\u305f\u3082\u306e\u3067\u3059\n\n<\/p>\n\n\n\n<p><strong>\u6b74\u53f2\u7684\u80cc\u666f<\/strong><\/p>\n\n\n\n<p>\u6771\u30c8\u30eb\u30ad\u30b9\u30bf\u30f3\u306e\u56fd\u6b4c<em>\u6551\u3044\u306e\u6708\u306f<\/em>\u3001\u305d\u308c\u306f\u56fd\u5bb6\u306e\u516c\u5f0f\u56fd\u6b4c\u3068\u3057\u3066\u6b4c\u308f\u3068\u5ba3\u8a00\u3055\u308c\u305f1933\u5e7411\u670812\u65e5\u306b\u6771\u30c8\u30eb\u30ad\u30b9\u30bf\u30f3\u306e\u30c8\u30eb\u30b3\u30fb\u30a4\u30b9\u30e9\u30e0\u5171\u548c\u56fd\u306e\u5ba3\u8a00\u3067\u306f1933\u5e74\u306bMemet\u30a4\u30fc\u30e9\u30a4Tewpiq\u306b\u3088\u3063\u3066\u66f8\u304b\u308c\u307e\u3057\u305f\u3002\u56fd\u6b4c\u3068\u306f\u3001\u72ec\u7acb\u6027\u3001\u81ea\u7531\u3001\u4e16\u754c\u306e\u4ed6\u306e\u56fd\u3005\u306e\u4e2d\u306b\u72ec\u81ea\u306e\u5730\u4f4d\u3092\u6301\u3061\u3001\u81ea\u3089\u306e\u672a\u6765\u3092\u652f\u3048\u3001\u6c7a\u5b9a\u3059\u308b\u56fd\u5bb6\u306e\u80fd\u529b\u3092\u610f\u5473\u3059\u308b\u3002<\/p>\n\n\n\n<h4 class=\"wp-block-heading\"><strong>QUTULUSH MARSHI <\/strong><\/h4>\n\n\n\n<p>Qutulush yolida sudek aqti biznig qanimiz,<br>Sen \u00fcch\u00fcn ey yurtimiz bolsun pida bu janimiz.<br>Qan kichip hem jan birip akhir qurtuldurduq sini,<br>Qelbimizde qutquzushqa bar idi imanimiz.<\/p>\n\n\n\n<p>Yar-u hem dem boldi biznig himmitimiz sen \u00fc\u00e7\u00fcn,<br>Dunyani sorghan idi himmet bilen ejdadimiz.<br>Yurtumuz biz y\u00fcz-k\u00f6zigni qan bilen pakizliduq,<br>Emdi hich kirletmigeymiz ch\u00fcnki T\u00fcrktur namimiz.<\/p>\n\n\n\n<p>Attila, Chinggiz, T\u00f6m\u00fcr D\u00fcnyani Titretken idi,<br>Jan birip shan alimiz biz ularning evladi biz.<br>Chiqti jan hem aqti qan d\u00fcshmendin boldi el aman<br>Yashisun hich \u00f6lmisun parlansun istiqbalimiz!<\/p>\n\n\n\n<p><br><\/p>\n\n\n\n<h4 class=\"wp-block-heading\"><strong>\u6551\u6e08\u306e3\u6708<\/strong><\/h4>\n\n\n\n<p>\u79c1\u305f\u3061\u306e\u8840\u306f\u3001\u6551\u3044\u306e\u9053\u306b\u6c34\u306e\u3088\u3046\u306b\u6d41\u308c\u3066\u3044\u307e\u3059\u3002<br>\u79c1\u305f\u3061\u306e\u6545\u90f7\u3001\u3042\u306a\u305f\u306e\u305f\u3081\u306b\u3001\u79c1\u305f\u3061\u306f\u4eba\u751f\u3092\u6367\u3052\u307e\u3059\u3002<br>\u79c1\u305f\u3061\u306f\u3042\u306a\u305f\u306e\u305f\u3081\u306b\u79c1\u305f\u3061\u306e\u8840\u3067\u6b7b\u3093\u3067\u8840\u3092\u3053\u307c\u3057\u3066\u3042\u306a\u305f\u3092\u6551\u3063\u305f\u3001<br>\u79c1\u305f\u3061\u306f\u3042\u306a\u305f\u3092\u89e3\u653e\u3059\u308b\u305f\u3081\u306b\u79c1\u305f\u3061\u306e\u5fc3\u3092\u4fe1\u3058\u3066\u3044\u305f<\/p>\n\n\n\n<p>\u79c1\u305f\u3061\u306e\u4e3b\u306f\u79c1\u305f\u3061\u306e\u52a9\u3051\u306b\u306a\u308a\u3001\u79c1\u305f\u3061\u306e\u52aa\u529b\u306f\u3042\u306a\u305f\u306e\u305f\u3081\u3067\u3059\u3002<br>\u79c1\u305f\u3061\u306e\u7956\u5148\u306f\u3001\u304b\u3064\u3066\u306f\u5927\u3044\u306a\u308b\u52e4\u52c9\u3055\u3067\u4e16\u754c\u3092\u652f\u914d\u3057\u3066\u3044\u307e\u3057\u305f\u3002<br>\u3042\u3042\u79c1\u305f\u3061\u306e\u6545\u90f7\u3001\u79c1\u305f\u3061\u306f\u3042\u306a\u305f\u306e\u9854\u3068\u76ee\u3092\u8840\u3067\u304d\u308c\u3044\u306b\u3057\u307e\u3057\u305f\u3002<br>\u3055\u3066\u3001\u79c1\u305f\u3061\u306e\u540d\u524d\u306f\u30c4\u30eb\u30af\uff08T\u00fcrk\uff09\u306a\u306e\u3067\u3001\u6575\u304c\u3042\u306a\u305f\u3092\u7834\u58ca\u3059\u308b\u3053\u3068\u306f\u3042\u308a\u307e\u305b\u3093\u3002<\/p>\n\n\n\n<p>\n\n\u30a2\u30c3\u30c6\u30a3\u30e9\u3001\u30b8\u30f3\u30ae\u30b9\u3001\u30bf\u30e1\u30eb\u30ec\u30fc\u30f3\u306f\u3001\u304b\u3064\u3066\u306f\u4e16\u754c\u3092\u63fa\u308b\u304c\u3057\u3001<br>\u79c1\u305f\u3061\u306e\u547d\u3092\u6367\u3052\u308b\u3053\u3068\u306b\u3088\u3063\u3066\u540d\u8a89\u3092\u5f97\u308b\u3053\u3068\u306b\u3088\u3063\u3066\u3001\u79c1\u305f\u3061\u306f\u5f7c\u3089\u306e\u5b50\u4f9b\u3067\u3059\u3002<br>\u79c1\u305f\u3061\u306e\u7cbe\u795e\u306f\u79c1\u305f\u3061\u306e\u4f53\u3092\u6b8b\u3057\u3001\u79c1\u305f\u3061\u306e\u8840\u306f\u6d41\u308c\u3001\u79c1\u305f\u3061\u306f\u6575\u306b\u5831\u5fa9\u3057\u3001<br>\u79c1\u305f\u3061\u306e\u56fd\u306f\u751f\u304d\u6b8b\u308a\u3001\u6ec5\u3073\u308b\u3053\u3068\u306f\u306a\u304f\u3001\u79c1\u305f\u3061\u306e\u672a\u6765\u306f\u6804\u3048\u307e\u3059\u3002\n\n<\/p>\n\n\n\n<p>\u6771\u30c8\u30eb\u30ad\u30b9\u30bf\u30f3\u56fd\u6b4c<br><\/p>\n<div class=\"textwidget custom-html-widget\"><!--[if lt IE 9]><![endif]-->\n<audio class=\"wp-audio-shortcode\" id=\"audio-158-1\" autoplay=\"1\" preload=\"none\" style=\"width: 100%;\" controls=\"controls\"><source type=\"audio\/mpeg\" src=\"https:\/\/nationalawakening.org\/wp-content\/uploads\/2018\/08\/National-Anthem-of-Eastern-Turkistan.mp3?_=1\"><a href=\"https:\/\/nationalawakening.org\/wp-content\/uploads\/2018\/08\/National-Anthem-of-Eastern-Turkistan.mp3\">https:\/\/nationalawakening.org\/wp-content\/uploads\/2018\/08\/National-Anthem-of-Eastern-Turkistan.mp3<\/a><\/audio>\n\n\n<\/div>\n\n\n\n<p><\/p>\n","protected":false},"excerpt":{"rendered":"<p>\u3053\u306e\u30da\u30fc\u30b8\u306fETNAM\u304b\u3089Google\u3067\u7ffb\u8a33\u3057\u305f\u3082&hellip;<\/p>\n","protected":false},"author":1,"featured_media":1025,"parent":1013,"menu_order":2,"comment_status":"closed","ping_status":"closed","template":"","meta":{"footnotes":""},"class_list":["post-173","page","type-page","status-publish","has-post-thumbnail","hentry","has-post-thumbnail-archive"],"_links":{"self":[{"href":"https:\/\/yuzb.net\/info\/wp-json\/wp\/v2\/pages\/173","targetHints":{"allow":["GET"]}}],"collection":[{"href":"https:\/\/yuzb.net\/info\/wp-json\/wp\/v2\/pages"}],"about":[{"href":"https:\/\/yuzb.net\/info\/wp-json\/wp\/v2\/types\/page"}],"author":[{"embeddable":true,"href":"https:\/\/yuzb.net\/info\/wp-json\/wp\/v2\/users\/1"}],"replies":[{"embeddable":true,"href":"https:\/\/yuzb.net\/info\/wp-json\/wp\/v2\/comments?post=173"}],"version-history":[{"count":8,"href":"https:\/\/yuzb.net\/info\/wp-json\/wp\/v2\/pages\/173\/revisions"}],"predecessor-version":[{"id":547,"href":"https:\/\/yuzb.net\/info\/wp-json\/wp\/v2\/pages\/173\/revisions\/547"}],"up":[{"embeddable":true,"href":"https:\/\/yuzb.net\/info\/wp-json\/wp\/v2\/pages\/1013"}],"wp:featuredmedia":[{"embeddable":true,"href":"https:\/\/yuzb.net\/info\/wp-json\/wp\/v2\/media\/1025"}],"wp:attachment":[{"href":"https:\/\/yuzb.net\/info\/wp-json\/wp\/v2\/media?parent=173"}],"curies":[{"name":"wp","href":"https:\/\/api.w.org\/{rel}","templated":true}]}}